{"id":39973,"date":"2015-11-21T17:08:36","date_gmt":"2015-11-21T16:08:36","guid":{"rendered":"https:\/\/www.camping-le-jardin-du-marais.com\/en\/?page_id=39973"},"modified":"2026-02-19T11:53:02","modified_gmt":"2026-02-19T10:53:02","slug":"camping-activites-animations","status":"publish","type":"page","link":"https:\/\/www.camping-le-jardin-du-marais.com\/en\/camping-activites-animations\/","title":{"rendered":"Activities"},"content":{"rendered":"<div class=\"wpb-content-wrapper\"><p>[vc_row][vc_column][vc_column_text css=&#8221;&#8221;]<\/p>\n<h1>Entertainment and activities at your campsite in Vend\u00e9e<\/h1>\n<p>[\/vc_column_text][vc_raw_html]JTNDZGl2JTIwY2xhc3MlM0QlMjJ3ZF9pZCUyMiUyMHNjcm9sbCUzRCUyMm5vJTIyJTIwd2RuZ19sYW5ndWVXaWRnZXQlM0QlMjIxJTIyJTIwd2RuZ190eXBlV2lkZ2V0JTNEJTIyMSUyMiUyMCUzRSUzQyUyRmRpdiUzRQ==[\/vc_raw_html][\/vc_column][\/vc_row][vc_row][vc_column][vc_column_text css=&#8221;&#8221;]<\/p>\n<h2><span style=\"color: #e50870;\">The summer events programme<\/span><\/h2>\n<p>Enter to win lots of prizes![\/vc_column_text][vc_single_image image=&#8221;48126&#8243; img_size=&#8221;full&#8221; alignment=&#8221;center&#8221;][\/vc_column][\/vc_row][vc_row][vc_column][vc_column_text css=&#8221;&#8221;]<\/p>\n<h2>Seasonal entertainment<\/h2>\n<p>Every year, entertainment and activities are offered at the <a href=\"\/\">Domaine le Jardin du Marais<\/a> campsite. The entertainment and activity programme will be adapted on a weekly basis, depending in particular on weather conditions.<\/p>\n<p>Please note that we are a family campsite and not a camping club. Our activities are family-oriented, traditional and local, rooted in our region and our environmental approach.<\/p>\n<p>&nbsp;<\/p>\n<p><span style=\"color: #000080;\"><b style=\"color: #000080;\">Evening entertainment during the summer<\/b><\/span><\/p>\n<p>&nbsp;<\/p>\n<ul>\n<li><strong>Music quiz and dance evening<\/strong><\/li>\n<li><strong>Concerts, shows, games, bingo.<\/strong><\/li>\n<li><strong>Concerts or shows<\/strong> in Le Perrier or Saint Jean de Monts<\/li>\n<\/ul>\n<p>Seasonal Daytime Entertainment<\/p>\n<ul>\n<li>Football, p\u00e9tanque, basketball, etc.<\/li>\n<li><strong>Activities for children and teenagers&#8230;<\/strong><\/li>\n<\/ul>\n<p>Our campsite is a family-friendly campsite offering the peace and tranquillity of the Vend\u00e9e marshlands. We offer occasional activities in a friendly and relaxed atmosphere. You won&#8217;t be bothered by activity leaders from morning to night. Those looking for peace and quiet and occasional activities will find what they are looking for at our campsite, in the heart of the marshes and close to the <a href=\"https:\/\/www.camping-le-jardin-du-marais.com\/saint-jean-de-monts\/\">Vend\u00e9e coastline<\/a>.<\/p>\n<p>By booking your pitch or <a href=\"https:\/\/www.camping-le-jardin-du-marais.com\/location\/\">rental accommodation at your campsite<\/a>, you will have access to all the activities offered by our team of entertainers.<\/p>\n<h3>Campsite entertainment and activities in Vend\u00e9e<\/h3>\n<p>We present some videos of our events, which you can follow on our Facebook page.[\/vc_column_text][\/vc_column][\/vc_row]<\/p>\n<\/div>","protected":false},"excerpt":{"rendered":"<p>[vc_row][vc_column][vc_column_text css=&#8221;&#8221;] Entertainment and activities at your campsite in Vend\u00e9e [\/vc_column_text][vc_raw_html]JTNDZGl2JTIwY2xhc3MlM0QlMjJ3ZF9pZCUyMiUyMHNjcm9sbCUzRCUyMm5vJTIyJTIwd2RuZ19sYW5ndWVXaWRnZXQlM0QlMjIxJTIyJTIwd2RuZ190eXBlV2lkZ2V0JTNEJTIyMSUyMiUyMCUzRSUzQyUyRmRpdiUzRQ==[\/vc_raw_html][\/vc_column][\/vc_row][vc_row][vc_column][vc_column_text css=&#8221;&#8221;] The summer events programme Enter to win lots of prizes![\/vc_column_text][vc_single_image image=&#8221;48126&#8243; img_size=&#8221;full&#8221; alignment=&#8221;center&#8221;][\/vc_column][\/vc_row][vc_row][vc_column][vc_column_text css=&#8221;&#8221;] Seasonal entertainment Every year, entertainment and activities are offered at the Domaine le Jardin du Marais campsite. The entertainment and activity programme will be adapted on a weekly basis,&hellip;<\/p>\n","protected":false},"author":1,"featured_media":0,"parent":0,"menu_order":0,"comment_status":"closed","ping_status":"closed","template":"","meta":{"footnotes":""},"class_list":["post-39973","page","type-page","status-publish","hentry","description-off"],"yoast_head":"<!-- This site is optimized with the Yoast SEO plugin v27.4 - https:\/\/yoast.com\/product\/yoast-seo-wordpress\/ -->\n<title>Animations et activit\u00e9s camping Vend\u00e9e \u00e9t\u00e9 |\u00a0Domaine Jardin du Marais<\/title>\n<meta name=\"description\" content=\"Camping avec activit\u00e9s et animations familiales en Vend\u00e9e proche Saint-Jean-de-monts. Nouvelle organisation vacances d&#039;\u00e9t\u00e9.\" \/>\n<meta name=\"robots\" content=\"index, follow, max-snippet:-1, max-image-preview:large, max-video-preview:-1\" \/>\n<link rel=\"canonical\" href=\"https:\/\/www.camping-le-jardin-du-marais.com\/en\/camping-activites-animations\/\" \/>\n<meta property=\"og:locale\" content=\"en_US\" \/>\n<meta property=\"og:type\" content=\"article\" \/>\n<meta property=\"og:title\" content=\"Animations et activit\u00e9s camping Vend\u00e9e \u00e9t\u00e9 |\u00a0Domaine Jardin du Marais\" \/>\n<meta property=\"og:description\" content=\"Camping avec activit\u00e9s et animations familiales en Vend\u00e9e proche Saint-Jean-de-monts. Nouvelle organisation vacances d&#039;\u00e9t\u00e9.\" \/>\n<meta property=\"og:url\" content=\"https:\/\/www.camping-le-jardin-du-marais.com\/en\/camping-activites-animations\/\" \/>\n<meta property=\"og:site_name\" content=\"Le Jardin du Marais\" \/>\n<meta property=\"article:modified_time\" content=\"2026-02-19T10:53:02+00:00\" \/>\n<meta name=\"twitter:card\" content=\"summary_large_image\" \/>\n<meta name=\"twitter:label1\" content=\"Est. reading time\" \/>\n\t<meta name=\"twitter:data1\" content=\"2 minutes\" \/>\n<script type=\"application\/ld+json\" class=\"yoast-schema-graph\">{\"@context\":\"https:\\\/\\\/schema.org\",\"@graph\":[{\"@type\":\"WebPage\",\"@id\":\"https:\\\/\\\/www.camping-le-jardin-du-marais.com\\\/en\\\/camping-activites-animations\\\/\",\"url\":\"https:\\\/\\\/www.camping-le-jardin-du-marais.com\\\/en\\\/camping-activites-animations\\\/\",\"name\":\"Animations et activit\u00e9s camping Vend\u00e9e \u00e9t\u00e9 |\u00a0Domaine Jardin du Marais\",\"isPartOf\":{\"@id\":\"https:\\\/\\\/www.camping-le-jardin-du-marais.com\\\/#website\"},\"datePublished\":\"2015-11-21T16:08:36+00:00\",\"dateModified\":\"2026-02-19T10:53:02+00:00\",\"description\":\"Camping avec activit\u00e9s et animations familiales en Vend\u00e9e proche Saint-Jean-de-monts. Nouvelle organisation vacances d'\u00e9t\u00e9.\",\"breadcrumb\":{\"@id\":\"https:\\\/\\\/www.camping-le-jardin-du-marais.com\\\/en\\\/camping-activites-animations\\\/#breadcrumb\"},\"inLanguage\":\"en-US\",\"potentialAction\":[{\"@type\":\"ReadAction\",\"target\":[\"https:\\\/\\\/www.camping-le-jardin-du-marais.com\\\/en\\\/camping-activites-animations\\\/\"]}]},{\"@type\":\"BreadcrumbList\",\"@id\":\"https:\\\/\\\/www.camping-le-jardin-du-marais.com\\\/en\\\/camping-activites-animations\\\/#breadcrumb\",\"itemListElement\":[{\"@type\":\"ListItem\",\"position\":1,\"name\":\"Accueil\",\"item\":\"https:\\\/\\\/www.camping-le-jardin-du-marais.com\\\/en\\\/\"},{\"@type\":\"ListItem\",\"position\":2,\"name\":\"Activities\"}]},{\"@type\":\"WebSite\",\"@id\":\"https:\\\/\\\/www.camping-le-jardin-du-marais.com\\\/#website\",\"url\":\"https:\\\/\\\/www.camping-le-jardin-du-marais.com\\\/\",\"name\":\"Le Jardin du Marais\",\"description\":\"camping vend\u00e9e\",\"potentialAction\":[{\"@type\":\"SearchAction\",\"target\":{\"@type\":\"EntryPoint\",\"urlTemplate\":\"https:\\\/\\\/www.camping-le-jardin-du-marais.com\\\/?s={search_term_string}\"},\"query-input\":{\"@type\":\"PropertyValueSpecification\",\"valueRequired\":true,\"valueName\":\"search_term_string\"}}],\"inLanguage\":\"en-US\"}]}<\/script>\n<!-- \/ Yoast SEO plugin. -->","yoast_head_json":{"title":"Animations et activit\u00e9s camping Vend\u00e9e \u00e9t\u00e9 |\u00a0Domaine Jardin du Marais","description":"Camping avec activit\u00e9s et animations familiales en Vend\u00e9e proche Saint-Jean-de-monts. Nouvelle organisation vacances d'\u00e9t\u00e9.","robots":{"index":"index","follow":"follow","max-snippet":"max-snippet:-1","max-image-preview":"max-image-preview:large","max-video-preview":"max-video-preview:-1"},"canonical":"https:\/\/www.camping-le-jardin-du-marais.com\/en\/camping-activites-animations\/","og_locale":"en_US","og_type":"article","og_title":"Animations et activit\u00e9s camping Vend\u00e9e \u00e9t\u00e9 |\u00a0Domaine Jardin du Marais","og_description":"Camping avec activit\u00e9s et animations familiales en Vend\u00e9e proche Saint-Jean-de-monts. Nouvelle organisation vacances d'\u00e9t\u00e9.","og_url":"https:\/\/www.camping-le-jardin-du-marais.com\/en\/camping-activites-animations\/","og_site_name":"Le Jardin du Marais","article_modified_time":"2026-02-19T10:53:02+00:00","twitter_card":"summary_large_image","twitter_misc":{"Est. reading time":"2 minutes"},"schema":{"@context":"https:\/\/schema.org","@graph":[{"@type":"WebPage","@id":"https:\/\/www.camping-le-jardin-du-marais.com\/en\/camping-activites-animations\/","url":"https:\/\/www.camping-le-jardin-du-marais.com\/en\/camping-activites-animations\/","name":"Animations et activit\u00e9s camping Vend\u00e9e \u00e9t\u00e9 |\u00a0Domaine Jardin du Marais","isPartOf":{"@id":"https:\/\/www.camping-le-jardin-du-marais.com\/#website"},"datePublished":"2015-11-21T16:08:36+00:00","dateModified":"2026-02-19T10:53:02+00:00","description":"Camping avec activit\u00e9s et animations familiales en Vend\u00e9e proche Saint-Jean-de-monts. Nouvelle organisation vacances d'\u00e9t\u00e9.","breadcrumb":{"@id":"https:\/\/www.camping-le-jardin-du-marais.com\/en\/camping-activites-animations\/#breadcrumb"},"inLanguage":"en-US","potentialAction":[{"@type":"ReadAction","target":["https:\/\/www.camping-le-jardin-du-marais.com\/en\/camping-activites-animations\/"]}]},{"@type":"BreadcrumbList","@id":"https:\/\/www.camping-le-jardin-du-marais.com\/en\/camping-activites-animations\/#breadcrumb","itemListElement":[{"@type":"ListItem","position":1,"name":"Accueil","item":"https:\/\/www.camping-le-jardin-du-marais.com\/en\/"},{"@type":"ListItem","position":2,"name":"Activities"}]},{"@type":"WebSite","@id":"https:\/\/www.camping-le-jardin-du-marais.com\/#website","url":"https:\/\/www.camping-le-jardin-du-marais.com\/","name":"Le Jardin du Marais","description":"camping vend\u00e9e","potentialAction":[{"@type":"SearchAction","target":{"@type":"EntryPoint","urlTemplate":"https:\/\/www.camping-le-jardin-du-marais.com\/?s={search_term_string}"},"query-input":{"@type":"PropertyValueSpecification","valueRequired":true,"valueName":"search_term_string"}}],"inLanguage":"en-US"}]}},"_links":{"self":[{"href":"https:\/\/www.camping-le-jardin-du-marais.com\/en\/wp-json\/wp\/v2\/pages\/39973","targetHints":{"allow":["GET"]}}],"collection":[{"href":"https:\/\/www.camping-le-jardin-du-marais.com\/en\/wp-json\/wp\/v2\/pages"}],"about":[{"href":"https:\/\/www.camping-le-jardin-du-marais.com\/en\/wp-json\/wp\/v2\/types\/page"}],"author":[{"embeddable":true,"href":"https:\/\/www.camping-le-jardin-du-marais.com\/en\/wp-json\/wp\/v2\/users\/1"}],"replies":[{"embeddable":true,"href":"https:\/\/www.camping-le-jardin-du-marais.com\/en\/wp-json\/wp\/v2\/comments?post=39973"}],"version-history":[{"count":6,"href":"https:\/\/www.camping-le-jardin-du-marais.com\/en\/wp-json\/wp\/v2\/pages\/39973\/revisions"}],"predecessor-version":[{"id":48367,"href":"https:\/\/www.camping-le-jardin-du-marais.com\/en\/wp-json\/wp\/v2\/pages\/39973\/revisions\/48367"}],"wp:attachment":[{"href":"https:\/\/www.camping-le-jardin-du-marais.com\/en\/wp-json\/wp\/v2\/media?parent=39973"}],"curies":[{"name":"wp","href":"https:\/\/api.w.org\/{rel}","templated":true}]}}