{"id":48368,"date":"2020-03-09T09:04:33","date_gmt":"2020-03-09T08:04:33","guid":{"rendered":"https:\/\/www.camping-le-jardin-du-marais.com\/camping-activites-animations\/camping-equipements-loisirs\/"},"modified":"2026-02-19T11:59:13","modified_gmt":"2026-02-19T10:59:13","slug":"campsite-leisure-equipment","status":"publish","type":"page","link":"https:\/\/www.camping-le-jardin-du-marais.com\/en\/camping-activites-animations\/campsite-leisure-equipment\/","title":{"rendered":"Campsite leisure equipment"},"content":{"rendered":"<div class=\"wpb-content-wrapper\"><p>[vc_row][vc_column][vc_raw_html]JTNDZGl2JTIwY2xhc3MlM0QlMjJ3ZF9pZCUyMiUyMHNjcm9sbCUzRCUyMm5vJTIyJTIwd2RuZ19sYW5ndWVXaWRnZXQlM0QlMjIxJTIyJTIwd2RuZ190eXBlV2lkZ2V0JTNEJTIyMSUyMiUyMCUzRSUzQyUyRmRpdiUzRQ==[\/vc_raw_html][vc_column_text css=&#8221;&#8221;]<\/p>\n<h1>Family campsite with leisure facilities and activities for children and teenagers<\/h1>\n<p>[\/vc_column_text][vc_column_text css=&#8221;&#8221;]You will find plenty of leisure facilities for your activities at our St Jean de Monts campsite. Holidays are an opportunity to meet friends, make new acquaintances and have a good time. Games are a key part of this, as are barbecues, swimming and exploring new places.<\/p>\n<p>The campsite&#8217;s leisure facilities for the whole family mean that young and old alike will find something to enjoy at any time of day.[\/vc_column_text][vc_empty_space][vc_hoverbox image=&#8221;48115&#8243; primary_title=&#8221;&#8221; hover_title=&#8221;&#8221; hover_background_color=&#8221;black&#8221; el_width=&#8221;80&#8243; css_animation=&#8221;flipInX&#8221; css=&#8221;.vc_custom_1771494167345{background-color: #ffffff !important;}&#8221;]<\/p>\n<h2 style=\"text-align: center;\"><span style=\"color: #ff6600;\">NOUVELLE AIRE DE JEUX POUR LES ENFANTS<\/span><\/h2>\n<p>[\/vc_hoverbox][vc_empty_space][\/vc_column][\/vc_row][vc_row][vc_column offset=&#8221;vc_col-lg-4 vc_col-md-3 vc_col-xs-12&#8243;]<div id=\"ultimate-heading-469669e05c3d932ca\" class=\"uvc-heading ult-adjust-bottom-margin ultimate-heading-469669e05c3d932ca uvc-2146  uvc-heading-default-font-sizes\" data-hspacer=\"no_spacer\"  data-halign=\"center\" style=\"text-align:center\"><div class=\"uvc-heading-spacer no_spacer\" style=\"top\"><\/div><div class=\"uvc-main-heading ult-responsive\"  data-ultimate-target='.uvc-heading.ultimate-heading-469669e05c3d932ca h2'  data-responsive-json-new='{\"font-size\":\"\",\"line-height\":\"\"}' ><h2 style=\"font-family:&#039;Lato&#039;;font-weight:300;color:#54aa2d;margin-bottom:20px;\">Children's playgrounds<\/h2><\/div><\/div>[vc_single_image image=&#8221;48115&#8243; img_size=&#8221;full&#8221; alignment=&#8221;center&#8221;][vc_column_text]Nous vous proposons deux aires de jeux enfants avec balan\u00e7oires, toboggans, mur d&#8217;escalade, poutre d&#8217;\u00e9quilibre, tourniquet, pont de singe &#8230;[\/vc_column_text][\/vc_column][vc_column offset=&#8221;vc_col-lg-4 vc_col-md-4 vc_col-xs-12&#8243;]<div id=\"ultimate-heading-245269e05c3d93332\" class=\"uvc-heading ult-adjust-bottom-margin ultimate-heading-245269e05c3d93332 uvc-4609  uvc-heading-default-font-sizes\" data-hspacer=\"no_spacer\"  data-halign=\"center\" style=\"text-align:center\"><div class=\"uvc-heading-spacer no_spacer\" style=\"top\"><\/div><div class=\"uvc-main-heading ult-responsive\"  data-ultimate-target='.uvc-heading.ultimate-heading-245269e05c3d93332 h2'  data-responsive-json-new='{\"font-size\":\"\",\"line-height\":\"\"}' ><h2 style=\"font-family:&#039;Lato&#039;;font-weight:300;color:#54aa2d;margin-bottom:20px;\">Kids club<\/h2><\/div><\/div>[vc_single_image image=&#8221;48123&#8243; img_size=&#8221;full&#8221; alignment=&#8221;center&#8221;][\/vc_column][vc_column offset=&#8221;vc_col-lg-4 vc_col-md-4 vc_col-xs-12&#8243;]<div id=\"ultimate-heading-204069e05c3d9336d\" class=\"uvc-heading ult-adjust-bottom-margin ultimate-heading-204069e05c3d9336d uvc-2880  uvc-heading-default-font-sizes\" data-hspacer=\"no_spacer\"  data-halign=\"center\" style=\"text-align:center\"><div class=\"uvc-heading-spacer no_spacer\" style=\"top\"><\/div><div class=\"uvc-main-heading ult-responsive\"  data-ultimate-target='.uvc-heading.ultimate-heading-204069e05c3d9336d h2'  data-responsive-json-new='{\"font-size\":\"\",\"line-height\":\"\"}' ><h2 style=\"font-family:&#039;Lato&#039;;font-weight:300;color:#54aa2d;margin-bottom:20px;\">Trampolines<\/h2><\/div><\/div>[vc_single_image image=&#8221;45574&#8243; img_size=&#8221;full&#8221; alignment=&#8221;center&#8221;][vc_column_text]Pirouette cacahu\u00e8te quand tu sautes, quand tu sautes &#8230; pirouette cacahu\u00e8te<strong><br \/>\n<\/strong>[\/vc_column_text][\/vc_column][\/vc_row][vc_row][vc_column][vc_empty_space][\/vc_column][\/vc_row][vc_row][vc_column offset=&#8221;vc_col-lg-4 vc_col-md-3 vc_col-xs-12&#8243;]<div id=\"ultimate-heading-286969e05c3d9339f\" class=\"uvc-heading ult-adjust-bottom-margin ultimate-heading-286969e05c3d9339f uvc-4792  uvc-heading-default-font-sizes\" data-hspacer=\"no_spacer\"  data-halign=\"center\" style=\"text-align:center\"><div class=\"uvc-heading-spacer no_spacer\" style=\"top\"><\/div><div class=\"uvc-main-heading ult-responsive\"  data-ultimate-target='.uvc-heading.ultimate-heading-286969e05c3d9339f h2'  data-responsive-json-new='{\"font-size\":\"\",\"line-height\":\"\"}' ><h2 style=\"font-family:&#039;Lato&#039;;font-weight:300;color:#54aa2d;margin-bottom:20px;\">Home-Ball<\/h2><\/div><\/div>[vc_single_image image=&#8221;46752&#8243; img_size=&#8221;full&#8221; alignment=&#8221;center&#8221;][vc_column_text css=&#8221;&#8221;]the Home-Ball field<\/p>\n<p>Home-ball is one concept and two sports! The ball stays inside and never comes out. You can play alone or with others, using your hands or feet.<\/p>\n<p><strong>\u00a0<\/strong>[\/vc_column_text][\/vc_column][vc_column offset=&#8221;vc_col-lg-4 vc_col-md-4 vc_col-xs-12&#8243;]<div id=\"ultimate-heading-798569e05c3d933d5\" class=\"uvc-heading ult-adjust-bottom-margin ultimate-heading-798569e05c3d933d5 uvc-4683  uvc-heading-default-font-sizes\" data-hspacer=\"no_spacer\"  data-halign=\"center\" style=\"text-align:center\"><div class=\"uvc-heading-spacer no_spacer\" style=\"top\"><\/div><div class=\"uvc-main-heading ult-responsive\"  data-ultimate-target='.uvc-heading.ultimate-heading-798569e05c3d933d5 h2'  data-responsive-json-new='{\"font-size\":\"\",\"line-height\":\"\"}' ><h2 style=\"font-family:&#039;Lato&#039;;font-weight:300;color:#54aa2d;margin-bottom:20px;\">Volleyball court<\/h2><\/div><\/div>[vc_single_image image=&#8221;45578&#8243; img_size=&#8221;full&#8221; alignment=&#8221;center&#8221;][vc_column_text css=&#8221;&#8221;]We offer a grass volleyball court where two or more of you can have fun and play with friends or family in complete freedom. We transform the court with two mini football goals for football enthusiasts.[\/vc_column_text][\/vc_column][vc_column offset=&#8221;vc_col-lg-4 vc_col-md-4 vc_col-xs-12&#8243;]<div id=\"ultimate-heading-665869e05c3d93404\" class=\"uvc-heading ult-adjust-bottom-margin ultimate-heading-665869e05c3d93404 uvc-7350  uvc-heading-default-font-sizes\" data-hspacer=\"no_spacer\"  data-halign=\"center\" style=\"text-align:center\"><div class=\"uvc-heading-spacer no_spacer\" style=\"top\"><\/div><div class=\"uvc-main-heading ult-responsive\"  data-ultimate-target='.uvc-heading.ultimate-heading-665869e05c3d93404 h2'  data-responsive-json-new='{\"font-size\":\"\",\"line-height\":\"\"}' ><h2 style=\"font-family:&#039;Lato&#039;;font-weight:300;color:#54aa2d;margin-bottom:20px;\">Ping-Pong<\/h2><\/div><\/div>[vc_single_image image=&#8221;39829&#8243; img_size=&#8221;full&#8221; alignment=&#8221;center&#8221;][vc_column_text css=&#8221;&#8221;]Two table tennis tables are available for your use, so pack your bats in your suitcase.[\/vc_column_text][\/vc_column][\/vc_row][vc_row][vc_column][vc_empty_space][\/vc_column][\/vc_row][vc_row][vc_column][vc_column_text css=&#8221;&#8221;]<\/p>\n<p>Your campsite in Vend\u00e9e offers you <span style=\"color: #008000;\">responsible holidays<\/span>. You can book bicycles on site for unforgettable rides. Promoting the Vend\u00e9e region is one of our values. We can advise you on the best way to discover the <strong><span style=\"color: #008000;\">Oc\u00e9an-Marais-Monts region<\/span><\/strong>, whether on foot, by bike, on horseback or by boat! Each mode of transport allows you to discover our landscapes in all seasons in the best possible way and in a complementary manner.<br \/>\nMaps and routes for walking and cycling trails are available free of charge at reception on request.[\/vc_column_text][vc_empty_space height=&#8221;16px&#8221;][\/vc_column][\/vc_row][vc_row][vc_column][vc_column_text css=&#8221;&#8221;]Book your <a href=\"https:\/\/www.camping-le-jardin-du-marais.com\/location-mobil-home\/\">mobile home, cottage or bungalow rental in Vend\u00e9e<\/a> now.<\/p>\n<p>Book your <a href=\"https:\/\/www.camping-le-jardin-du-marais.com\/location-mobil-home\/emplacements-camping\/\">campsite near Saint Jean de Monts<\/a>[\/vc_column_text][\/vc_column][\/vc_row]<\/p>\n<\/div>","protected":false},"excerpt":{"rendered":"<p>[vc_row][vc_column][vc_raw_html]JTNDZGl2JTIwY2xhc3MlM0QlMjJ3ZF9pZCUyMiUyMHNjcm9sbCUzRCUyMm5vJTIyJTIwd2RuZ19sYW5ndWVXaWRnZXQlM0QlMjIxJTIyJTIwd2RuZ190eXBlV2lkZ2V0JTNEJTIyMSUyMiUyMCUzRSUzQyUyRmRpdiUzRQ==[\/vc_raw_html][vc_column_text css=&#8221;&#8221;] Family campsite with leisure facilities and activities for children and teenagers [\/vc_column_text][vc_column_text css=&#8221;&#8221;]You will find plenty of leisure facilities for your activities at our St Jean de Monts campsite. Holidays are an opportunity to meet friends, make new acquaintances and have a good time. Games are a key part of this, as are&hellip;<\/p>\n","protected":false},"author":3,"featured_media":46752,"parent":39973,"menu_order":0,"comment_status":"closed","ping_status":"closed","template":"","meta":{"footnotes":""},"class_list":["post-48368","page","type-page","status-publish","has-post-thumbnail","hentry","description-off"],"yoast_head":"<!-- This site is optimized with the Yoast SEO plugin v27.4 - https:\/\/yoast.com\/product\/yoast-seo-wordpress\/ -->\n<title>Camping avec \u00e9quipements loisirs activit\u00e9s Vend\u00e9e - Saint jean de Monts<\/title>\n<meta name=\"description\" content=\"Camping avec equipements pour divertir vos enfants en offrant diverses activit\u00e9s ; location karts \u00e0 p\u00e9dales , trampoling, aire de jeux...\" \/>\n<meta name=\"robots\" content=\"index, follow, max-snippet:-1, max-image-preview:large, max-video-preview:-1\" \/>\n<link rel=\"canonical\" href=\"https:\/\/www.camping-le-jardin-du-marais.com\/en\/camping-activites-animations\/campsite-leisure-equipment\/\" \/>\n<meta property=\"og:locale\" content=\"en_US\" \/>\n<meta property=\"og:type\" content=\"article\" \/>\n<meta property=\"og:title\" content=\"Camping avec \u00e9quipements loisirs activit\u00e9s Vend\u00e9e - Saint jean de Monts\" \/>\n<meta property=\"og:description\" content=\"Camping avec equipements pour divertir vos enfants en offrant diverses activit\u00e9s ; location karts \u00e0 p\u00e9dales , trampoling, aire de jeux...\" \/>\n<meta property=\"og:url\" content=\"https:\/\/www.camping-le-jardin-du-marais.com\/en\/camping-activites-animations\/campsite-leisure-equipment\/\" \/>\n<meta property=\"og:site_name\" content=\"Le Jardin du Marais\" \/>\n<meta property=\"article:modified_time\" content=\"2026-02-19T10:59:13+00:00\" \/>\n<meta property=\"og:image\" content=\"https:\/\/www.camping-le-jardin-du-marais.com\/wp-content\/uploads\/2021\/02\/2020-Terrain-de-Home-Ball-3-1024x768.jpg\" \/>\n\t<meta property=\"og:image:width\" content=\"1024\" \/>\n\t<meta property=\"og:image:height\" content=\"768\" \/>\n\t<meta property=\"og:image:type\" content=\"image\/jpeg\" \/>\n<meta name=\"twitter:card\" content=\"summary_large_image\" \/>\n<meta name=\"twitter:label1\" content=\"Est. reading time\" \/>\n\t<meta name=\"twitter:data1\" content=\"3 minutes\" \/>\n<script type=\"application\/ld+json\" class=\"yoast-schema-graph\">{\"@context\":\"https:\\\/\\\/schema.org\",\"@graph\":[{\"@type\":\"WebPage\",\"@id\":\"https:\\\/\\\/www.camping-le-jardin-du-marais.com\\\/en\\\/camping-activites-animations\\\/campsite-leisure-equipment\\\/\",\"url\":\"https:\\\/\\\/www.camping-le-jardin-du-marais.com\\\/en\\\/camping-activites-animations\\\/campsite-leisure-equipment\\\/\",\"name\":\"Camping avec \u00e9quipements loisirs activit\u00e9s Vend\u00e9e - Saint jean de Monts\",\"isPartOf\":{\"@id\":\"https:\\\/\\\/www.camping-le-jardin-du-marais.com\\\/#website\"},\"primaryImageOfPage\":{\"@id\":\"https:\\\/\\\/www.camping-le-jardin-du-marais.com\\\/en\\\/camping-activites-animations\\\/campsite-leisure-equipment\\\/#primaryimage\"},\"image\":{\"@id\":\"https:\\\/\\\/www.camping-le-jardin-du-marais.com\\\/en\\\/camping-activites-animations\\\/campsite-leisure-equipment\\\/#primaryimage\"},\"thumbnailUrl\":\"https:\\\/\\\/www.camping-le-jardin-du-marais.com\\\/wp-content\\\/uploads\\\/2021\\\/02\\\/2020-Terrain-de-Home-Ball-3.jpg\",\"datePublished\":\"2020-03-09T08:04:33+00:00\",\"dateModified\":\"2026-02-19T10:59:13+00:00\",\"description\":\"Camping avec equipements pour divertir vos enfants en offrant diverses activit\u00e9s ; location karts \u00e0 p\u00e9dales , trampoling, aire de jeux...\",\"breadcrumb\":{\"@id\":\"https:\\\/\\\/www.camping-le-jardin-du-marais.com\\\/en\\\/camping-activites-animations\\\/campsite-leisure-equipment\\\/#breadcrumb\"},\"inLanguage\":\"en-US\",\"potentialAction\":[{\"@type\":\"ReadAction\",\"target\":[\"https:\\\/\\\/www.camping-le-jardin-du-marais.com\\\/en\\\/camping-activites-animations\\\/campsite-leisure-equipment\\\/\"]}]},{\"@type\":\"ImageObject\",\"inLanguage\":\"en-US\",\"@id\":\"https:\\\/\\\/www.camping-le-jardin-du-marais.com\\\/en\\\/camping-activites-animations\\\/campsite-leisure-equipment\\\/#primaryimage\",\"url\":\"https:\\\/\\\/www.camping-le-jardin-du-marais.com\\\/wp-content\\\/uploads\\\/2021\\\/02\\\/2020-Terrain-de-Home-Ball-3.jpg\",\"contentUrl\":\"https:\\\/\\\/www.camping-le-jardin-du-marais.com\\\/wp-content\\\/uploads\\\/2021\\\/02\\\/2020-Terrain-de-Home-Ball-3.jpg\",\"width\":2560,\"height\":1920},{\"@type\":\"BreadcrumbList\",\"@id\":\"https:\\\/\\\/www.camping-le-jardin-du-marais.com\\\/en\\\/camping-activites-animations\\\/campsite-leisure-equipment\\\/#breadcrumb\",\"itemListElement\":[{\"@type\":\"ListItem\",\"position\":1,\"name\":\"Accueil\",\"item\":\"https:\\\/\\\/www.camping-le-jardin-du-marais.com\\\/en\\\/\"},{\"@type\":\"ListItem\",\"position\":2,\"name\":\"Activities\",\"item\":\"https:\\\/\\\/www.camping-le-jardin-du-marais.com\\\/en\\\/camping-activites-animations\\\/\"},{\"@type\":\"ListItem\",\"position\":3,\"name\":\"Campsite leisure equipment\"}]},{\"@type\":\"WebSite\",\"@id\":\"https:\\\/\\\/www.camping-le-jardin-du-marais.com\\\/#website\",\"url\":\"https:\\\/\\\/www.camping-le-jardin-du-marais.com\\\/\",\"name\":\"Le Jardin du Marais\",\"description\":\"camping vend\u00e9e\",\"potentialAction\":[{\"@type\":\"SearchAction\",\"target\":{\"@type\":\"EntryPoint\",\"urlTemplate\":\"https:\\\/\\\/www.camping-le-jardin-du-marais.com\\\/?s={search_term_string}\"},\"query-input\":{\"@type\":\"PropertyValueSpecification\",\"valueRequired\":true,\"valueName\":\"search_term_string\"}}],\"inLanguage\":\"en-US\"}]}<\/script>\n<!-- \/ Yoast SEO plugin. -->","yoast_head_json":{"title":"Camping avec \u00e9quipements loisirs activit\u00e9s Vend\u00e9e - Saint jean de Monts","description":"Camping avec equipements pour divertir vos enfants en offrant diverses activit\u00e9s ; location karts \u00e0 p\u00e9dales , trampoling, aire de jeux...","robots":{"index":"index","follow":"follow","max-snippet":"max-snippet:-1","max-image-preview":"max-image-preview:large","max-video-preview":"max-video-preview:-1"},"canonical":"https:\/\/www.camping-le-jardin-du-marais.com\/en\/camping-activites-animations\/campsite-leisure-equipment\/","og_locale":"en_US","og_type":"article","og_title":"Camping avec \u00e9quipements loisirs activit\u00e9s Vend\u00e9e - Saint jean de Monts","og_description":"Camping avec equipements pour divertir vos enfants en offrant diverses activit\u00e9s ; location karts \u00e0 p\u00e9dales , trampoling, aire de jeux...","og_url":"https:\/\/www.camping-le-jardin-du-marais.com\/en\/camping-activites-animations\/campsite-leisure-equipment\/","og_site_name":"Le Jardin du Marais","article_modified_time":"2026-02-19T10:59:13+00:00","og_image":[{"width":1024,"height":768,"url":"https:\/\/www.camping-le-jardin-du-marais.com\/wp-content\/uploads\/2021\/02\/2020-Terrain-de-Home-Ball-3-1024x768.jpg","type":"image\/jpeg"}],"twitter_card":"summary_large_image","twitter_misc":{"Est. reading time":"3 minutes"},"schema":{"@context":"https:\/\/schema.org","@graph":[{"@type":"WebPage","@id":"https:\/\/www.camping-le-jardin-du-marais.com\/en\/camping-activites-animations\/campsite-leisure-equipment\/","url":"https:\/\/www.camping-le-jardin-du-marais.com\/en\/camping-activites-animations\/campsite-leisure-equipment\/","name":"Camping avec \u00e9quipements loisirs activit\u00e9s Vend\u00e9e - Saint jean de Monts","isPartOf":{"@id":"https:\/\/www.camping-le-jardin-du-marais.com\/#website"},"primaryImageOfPage":{"@id":"https:\/\/www.camping-le-jardin-du-marais.com\/en\/camping-activites-animations\/campsite-leisure-equipment\/#primaryimage"},"image":{"@id":"https:\/\/www.camping-le-jardin-du-marais.com\/en\/camping-activites-animations\/campsite-leisure-equipment\/#primaryimage"},"thumbnailUrl":"https:\/\/www.camping-le-jardin-du-marais.com\/wp-content\/uploads\/2021\/02\/2020-Terrain-de-Home-Ball-3.jpg","datePublished":"2020-03-09T08:04:33+00:00","dateModified":"2026-02-19T10:59:13+00:00","description":"Camping avec equipements pour divertir vos enfants en offrant diverses activit\u00e9s ; location karts \u00e0 p\u00e9dales , trampoling, aire de jeux...","breadcrumb":{"@id":"https:\/\/www.camping-le-jardin-du-marais.com\/en\/camping-activites-animations\/campsite-leisure-equipment\/#breadcrumb"},"inLanguage":"en-US","potentialAction":[{"@type":"ReadAction","target":["https:\/\/www.camping-le-jardin-du-marais.com\/en\/camping-activites-animations\/campsite-leisure-equipment\/"]}]},{"@type":"ImageObject","inLanguage":"en-US","@id":"https:\/\/www.camping-le-jardin-du-marais.com\/en\/camping-activites-animations\/campsite-leisure-equipment\/#primaryimage","url":"https:\/\/www.camping-le-jardin-du-marais.com\/wp-content\/uploads\/2021\/02\/2020-Terrain-de-Home-Ball-3.jpg","contentUrl":"https:\/\/www.camping-le-jardin-du-marais.com\/wp-content\/uploads\/2021\/02\/2020-Terrain-de-Home-Ball-3.jpg","width":2560,"height":1920},{"@type":"BreadcrumbList","@id":"https:\/\/www.camping-le-jardin-du-marais.com\/en\/camping-activites-animations\/campsite-leisure-equipment\/#breadcrumb","itemListElement":[{"@type":"ListItem","position":1,"name":"Accueil","item":"https:\/\/www.camping-le-jardin-du-marais.com\/en\/"},{"@type":"ListItem","position":2,"name":"Activities","item":"https:\/\/www.camping-le-jardin-du-marais.com\/en\/camping-activites-animations\/"},{"@type":"ListItem","position":3,"name":"Campsite leisure equipment"}]},{"@type":"WebSite","@id":"https:\/\/www.camping-le-jardin-du-marais.com\/#website","url":"https:\/\/www.camping-le-jardin-du-marais.com\/","name":"Le Jardin du Marais","description":"camping vend\u00e9e","potentialAction":[{"@type":"SearchAction","target":{"@type":"EntryPoint","urlTemplate":"https:\/\/www.camping-le-jardin-du-marais.com\/?s={search_term_string}"},"query-input":{"@type":"PropertyValueSpecification","valueRequired":true,"valueName":"search_term_string"}}],"inLanguage":"en-US"}]}},"_links":{"self":[{"href":"https:\/\/www.camping-le-jardin-du-marais.com\/en\/wp-json\/wp\/v2\/pages\/48368","targetHints":{"allow":["GET"]}}],"collection":[{"href":"https:\/\/www.camping-le-jardin-du-marais.com\/en\/wp-json\/wp\/v2\/pages"}],"about":[{"href":"https:\/\/www.camping-le-jardin-du-marais.com\/en\/wp-json\/wp\/v2\/types\/page"}],"author":[{"embeddable":true,"href":"https:\/\/www.camping-le-jardin-du-marais.com\/en\/wp-json\/wp\/v2\/users\/3"}],"replies":[{"embeddable":true,"href":"https:\/\/www.camping-le-jardin-du-marais.com\/en\/wp-json\/wp\/v2\/comments?post=48368"}],"version-history":[{"count":4,"href":"https:\/\/www.camping-le-jardin-du-marais.com\/en\/wp-json\/wp\/v2\/pages\/48368\/revisions"}],"predecessor-version":[{"id":48372,"href":"https:\/\/www.camping-le-jardin-du-marais.com\/en\/wp-json\/wp\/v2\/pages\/48368\/revisions\/48372"}],"up":[{"embeddable":true,"href":"https:\/\/www.camping-le-jardin-du-marais.com\/en\/wp-json\/wp\/v2\/pages\/39973"}],"wp:featuredmedia":[{"embeddable":true,"href":"https:\/\/www.camping-le-jardin-du-marais.com\/en\/wp-json\/wp\/v2\/media\/46752"}],"wp:attachment":[{"href":"https:\/\/www.camping-le-jardin-du-marais.com\/en\/wp-json\/wp\/v2\/media?parent=48368"}],"curies":[{"name":"wp","href":"https:\/\/api.w.org\/{rel}","templated":true}]}}